{"id":4,"date":"2019-07-15T16:53:45","date_gmt":"2019-07-15T14:53:45","guid":{"rendered":"https:\/\/baerenzwinger.berlin\/en\/?page_id=4"},"modified":"2026-04-10T15:28:10","modified_gmt":"2026-04-10T13:28:10","slug":"news","status":"publish","type":"page","link":"https:\/\/baerenzwinger.berlin\/en\/news\/","title":{"rendered":"NEWS"},"content":{"rendered":"\n<div style=\"height:100px\" aria-hidden=\"true\" class=\"wp-block-spacer\"><\/div>\n\n\n\n<div class=\"wp-block-columns is-layout-flex wp-container-core-columns-is-layout-9d6595d7 wp-block-columns-is-layout-flex\">\n<div class=\"wp-block-column is-layout-flow wp-block-column-is-layout-flow\">\n<h1 class=\"wp-block-heading\">NEWS<\/h1>\n<\/div>\n\n\n\n<div class=\"wp-block-column is-layout-flow wp-block-column-is-layout-flow\"><\/div>\n<\/div>\n\n\n\n<h3 class=\"wp-block-heading\">Exhibition Tour: Weirder, Taller, Uglier, Louder \u2013 Feral Possible, around Karl-Marx-Stra\u00dfe and Carrer Cobalt<\/h3>\n\n\n\n<div class=\"wp-block-columns is-layout-flex wp-container-core-columns-is-layout-9d6595d7 wp-block-columns-is-layout-flex\">\n<div class=\"wp-block-column is-layout-flow wp-block-column-is-layout-flow\" style=\"flex-basis:33.33%\">\n<p>Saturday, 11\/4\/2026,<br>3 PM<\/p>\n\n\n\n<p>Free entry<\/p>\n<\/div>\n\n\n\n<div class=\"wp-block-column is-layout-flow wp-block-column-is-layout-flow\" style=\"flex-basis:66.66%\">\n<p>This exhibition is part of \u201cLouder, Taller, Uglier, Weirder \u2013 Learning from Weeds \/ Von Unkraut lernen\u201d, a curatorial project consisting of four exhibitions and a series of events called sprouts, that appear over the course of the project. The project began at Xanadu in Neuk\u00f6lln, followed by the first exhibition at Kunstraum Kreuzberg\/Bethanien in autumn 2025. It now continues in the B\u00e4renzwinger and Galerie im Turm in Friedrichshain, followed by the summer exhibition at Galerie im K\u00f6rnerpark in Neuk\u00f6lln.<\/p>\n\n\n\n<p>More Information about the project as well as upcoming \u201csprouts\u201d can be found here<strong>: <\/strong>&nbsp;<a href=\"http:\/\/www.louderugliertallerweirder.net\">www.louderugliertallerweirder.net<\/a><\/p>\n<\/div>\n<\/div>\n\n\n\n<h4 class=\"wp-block-heading\"><strong>SUNDAY ART MAKERS (SAM) \u2013 Your new creative Sunday at the Municipal Galleries Berlin-Mitte<\/strong><\/h4>\n\n\n\n<div class=\"wp-block-columns is-layout-flex wp-container-core-columns-is-layout-9d6595d7 wp-block-columns-is-layout-flex\">\n<div class=\"wp-block-column is-layout-flow wp-block-column-is-layout-flow\" style=\"flex-basis:33.33%\">\n<p>Every first Sunday of the month*<\/p>\n\n\n\n<p>Free admission<\/p>\n\n\n\n<p>No registration required<\/p>\n\n\n\n<p>Languages: German and English<\/p>\n\n\n\n<p>*During the winter months, SAM will not take place at the B\u00e4renzwinger due to weather conditions. The program will resume there in the spring. Updated dates will be announced on our website in due time.<\/p>\n\n\n\n<p><br><strong>DATES, DURATION AND NOTES<\/strong><br>Every first Sunday of the month, free admission<br>Drop-in\/drop-out workshops, 3 hours each: 2\u20135 PM \/ no registration required<br>Open to everyone aged 6 to 15<br>Children, young people and families<br>Languages: German and English<\/p>\n\n\n\n<p><br><strong>NEXT DATES:<\/strong><br><\/p>\n<\/div>\n\n\n\n<div class=\"wp-block-column is-layout-flow wp-block-column-is-layout-flow\" style=\"flex-basis:66.66%\">\n<p>Starting in August, Berlin-Mitte will be bursting with colour and creativity! Every first Sunday of the month, visitors will have the opportunity to discover, try out and participate in contemporary art! The brand-new Sunday Art Makers (SAM) format will launch at the municipal galleries Kunst Raum Mitte, B\u00e4renzwinger and Galerie Wedding. Together with experienced art educators and creative professionals, children, teenagers and adults can discover, experience and help shape contemporary art in new, interactive ways. The formats are organised in collaboration with the municipal galleries Berlin-Mitte and the MiK Youth Art School.<\/p>\n\n\n\n<p>The gallery is transformed into a place full of possibilities \u2013 a space for imagination, curiosity and inspiration: Who organises an exhibition and what happens behind the scenes? Who decides what art is and where does it even begin? Where do the materials in an exhibition come from and how can you actually turn everyday objects into works of art yourself? Whether alone, with friends or the whole family \u2013 SAM is for everyone who wants to spend their Sunday being creative and active. Instead of the traditional Sunday rest, we focus on imaginative activities: painting, designing, writing, modelling, experiencing and experimenting. Participants can try out various forms of artistic expression \u2013 regardless of their previous knowledge. SAM invites you to discover your own creativity \u2013 in a relaxed atmosphere with plenty of room for your own ideas. We look forward to seeing you \u2013 let\u2019s make some art! \u2013 and become a SUNDAY ART MAKER!<\/p>\n<\/div>\n<\/div>\n\n\n\n<div style=\"height:23px\" aria-hidden=\"true\" class=\"wp-block-spacer\"><\/div>\n\n\n\n<div style=\"height:54px\" aria-hidden=\"true\" class=\"wp-block-spacer\"><\/div>\n\n\n\n<h2 class=\"wp-block-heading\"><a href=\"https:\/\/baerenzwinger.berlin\/en\/program\/\" data-type=\"page\" data-id=\"10\"><strong>\u2192<\/strong><\/a><a href=\"https:\/\/baerenzwinger.berlin\/en\/program\/\" data-type=\"page\" data-id=\"10\">To the entire exhibition program<\/a><\/h2>\n","protected":false},"excerpt":{"rendered":"<p>NEWS Exhibition Tour: Weirder, Taller, Uglier, Louder \u2013 Feral Possible, around Karl-Marx-Stra\u00dfe and Carrer Cobalt Saturday, 11\/4\/2026,3 PM Free entry This exhibition is part of \u201cLouder, Taller, Uglier, Weirder \u2013 Learning from Weeds \/ Von Unkraut lernen\u201d, a curatorial project consisting of four exhibitions and a series of events called sprouts, that appear over the [&hellip;]<\/p>\n","protected":false},"author":2,"featured_media":0,"parent":0,"menu_order":10900,"comment_status":"closed","ping_status":"closed","template":"template-page-aktuelles.php","meta":{"_acf_changed":false,"footnotes":""},"categories":[],"class_list":["post-4","page","type-page","status-publish","hentry"],"acf":[],"_links":{"self":[{"href":"https:\/\/baerenzwinger.berlin\/en\/wp-json\/wp\/v2\/pages\/4","targetHints":{"allow":["GET"]}}],"collection":[{"href":"https:\/\/baerenzwinger.berlin\/en\/wp-json\/wp\/v2\/pages"}],"about":[{"href":"https:\/\/baerenzwinger.berlin\/en\/wp-json\/wp\/v2\/types\/page"}],"author":[{"embeddable":true,"href":"https:\/\/baerenzwinger.berlin\/en\/wp-json\/wp\/v2\/users\/2"}],"replies":[{"embeddable":true,"href":"https:\/\/baerenzwinger.berlin\/en\/wp-json\/wp\/v2\/comments?post=4"}],"version-history":[{"count":145,"href":"https:\/\/baerenzwinger.berlin\/en\/wp-json\/wp\/v2\/pages\/4\/revisions"}],"predecessor-version":[{"id":3418,"href":"https:\/\/baerenzwinger.berlin\/en\/wp-json\/wp\/v2\/pages\/4\/revisions\/3418"}],"wp:attachment":[{"href":"https:\/\/baerenzwinger.berlin\/en\/wp-json\/wp\/v2\/media?parent=4"}],"wp:term":[{"taxonomy":"category","embeddable":true,"href":"https:\/\/baerenzwinger.berlin\/en\/wp-json\/wp\/v2\/categories?post=4"}],"curies":[{"name":"wp","href":"https:\/\/api.w.org\/{rel}","templated":true}]}}