{"id":3399,"date":"2026-02-12T15:47:47","date_gmt":"2026-02-12T14:47:47","guid":{"rendered":"https:\/\/baerenzwinger.berlin\/en\/?page_id=3399"},"modified":"2026-02-12T15:48:59","modified_gmt":"2026-02-12T14:48:59","slug":"barenzwinger-3","status":"publish","type":"page","link":"https:\/\/baerenzwinger.berlin\/en\/barenzwinger-3\/","title":{"rendered":"B\u00c4RENZWINGER"},"content":{"rendered":"\n<p><img decoding=\"async\" src=\"https:\/\/baerenzwinger.berlin\/wp-content\/uploads\/2025\/11\/Baerenzwinger_Foto-Robert-Eckstein-01_compressed-1024x768.jpg\" alt=\"\"><\/p>\n\n\n\n<div class=\"wp-block-columns is-layout-flex wp-container-core-columns-is-layout-9d6595d7 wp-block-columns-is-layout-flex\">\n<div class=\"wp-block-column is-layout-flow wp-block-column-is-layout-flow\" style=\"flex-basis:33.33%\">\n<p><strong>The B\u00e4renzwinger in K\u00f6llnischer Park<\/strong><\/p>\n<\/div>\n\n\n\n<div class=\"wp-block-column is-layout-flow wp-block-column-is-layout-flow\" style=\"flex-basis:66.66%\">\n<p>The B\u00e4renzwinger in K\u00f6llnischer Park still bears numerous traces of its past use as the long-standing home of Berlin&#8217;s heraldic animals. Now artists and scientists are responding to the history of the site with site-specific interventions and spatial installations. Workshops and events establish connections to cultural urban design, the history of Berlin, and contemporary art. The bear pit has thus developed into one of the \u201cmost exciting places for contemporary art\u201d (Kunstforum 2020) alongside the monastery ruins.<br>The curatorial program is designed by a changing team of research assistants from the Department of Art, Culture, and History. The exhibitions and events are dedicated to diverse forms and formats and explore the potential of the location for artistic positions.<br>In 2017, after almost two years of vacancy, the department took over responsibility for this cultural monument, which has developed into an urban attraction with a high level of recognition and popularity. The immense identity-forming effect of the B\u00e4renzwinger on Berlin&#8217;s citizens is therefore also of exemplary value, both for future urban design in the northern Luisenstadt area and for the nearby historic center of Berlin. In this sense, the B\u00e4renzwinger is being developed as a public cultural learning and teaching venue and as a knowledge platform for urban culture.<\/p>\n<\/div>\n<\/div>\n","protected":false},"excerpt":{"rendered":"<p>The B\u00e4renzwinger in K\u00f6llnischer Park The B\u00e4renzwinger in K\u00f6llnischer Park still bears numerous traces of its past use as the long-standing home of Berlin&#8217;s heraldic animals. Now artists and scientists are responding to the history of the site with site-specific interventions and spatial installations. Workshops and events establish connections to cultural urban design, the history [&hellip;]<\/p>\n","protected":false},"author":2,"featured_media":0,"parent":0,"menu_order":0,"comment_status":"closed","ping_status":"closed","template":"","meta":{"_acf_changed":false,"footnotes":""},"categories":[],"class_list":["post-3399","page","type-page","status-publish","hentry"],"acf":[],"_links":{"self":[{"href":"https:\/\/baerenzwinger.berlin\/en\/wp-json\/wp\/v2\/pages\/3399","targetHints":{"allow":["GET"]}}],"collection":[{"href":"https:\/\/baerenzwinger.berlin\/en\/wp-json\/wp\/v2\/pages"}],"about":[{"href":"https:\/\/baerenzwinger.berlin\/en\/wp-json\/wp\/v2\/types\/page"}],"author":[{"embeddable":true,"href":"https:\/\/baerenzwinger.berlin\/en\/wp-json\/wp\/v2\/users\/2"}],"replies":[{"embeddable":true,"href":"https:\/\/baerenzwinger.berlin\/en\/wp-json\/wp\/v2\/comments?post=3399"}],"version-history":[{"count":2,"href":"https:\/\/baerenzwinger.berlin\/en\/wp-json\/wp\/v2\/pages\/3399\/revisions"}],"predecessor-version":[{"id":3403,"href":"https:\/\/baerenzwinger.berlin\/en\/wp-json\/wp\/v2\/pages\/3399\/revisions\/3403"}],"wp:attachment":[{"href":"https:\/\/baerenzwinger.berlin\/en\/wp-json\/wp\/v2\/media?parent=3399"}],"wp:term":[{"taxonomy":"category","embeddable":true,"href":"https:\/\/baerenzwinger.berlin\/en\/wp-json\/wp\/v2\/categories?post=3399"}],"curies":[{"name":"wp","href":"https:\/\/api.w.org\/{rel}","templated":true}]}}