{"id":2410,"date":"2024-02-06T15:27:11","date_gmt":"2024-02-06T14:27:11","guid":{"rendered":"https:\/\/baerenzwinger.berlin\/en\/?page_id=2410"},"modified":"2024-04-29T14:02:30","modified_gmt":"2024-04-29T12:02:30","slug":"in-mir-drausen","status":"publish","type":"page","link":"https:\/\/baerenzwinger.berlin\/en\/program\/in-mir-drausen\/","title":{"rendered":"in mir drau\u00dfen"},"content":{"rendered":"<div class=\"wp-bootstrap-blocks-row row\">\n\t\n\n<div class=\"col-12 col-md-6 col-lg-3\">\n\t\t\t\t<\/div>\n\n\n\n<div class=\"col-12 col-md-6 col-lg-3\">\n\t\t\t\n\n<p><\/p>\n\n\n\n<p>with <br>Rike Scheffler<br>Nail Do\u011fan<\/p>\n\n\n\n<figure class=\"wp-block-image size-full\"><a href=\"https:\/\/baerenzwinger.berlin\/en\/in-mir-drausen\/\"><img loading=\"lazy\" decoding=\"async\" width=\"705\" height=\"1000\" src=\"https:\/\/baerenzwinger.berlin\/en\/wp-content\/uploads\/sites\/2\/2024\/02\/Flyer-BZ-in-mir-drausen.jpg\" alt=\"\" class=\"wp-image-2411\" srcset=\"https:\/\/baerenzwinger.berlin\/en\/wp-content\/uploads\/sites\/2\/2024\/02\/Flyer-BZ-in-mir-drausen.jpg 705w, https:\/\/baerenzwinger.berlin\/en\/wp-content\/uploads\/sites\/2\/2024\/02\/Flyer-BZ-in-mir-drausen-423x600.jpg 423w, https:\/\/baerenzwinger.berlin\/en\/wp-content\/uploads\/sites\/2\/2024\/02\/Flyer-BZ-in-mir-drausen-235x333.jpg 235w\" sizes=\"auto, (max-width: 705px) 100vw, 705px\" \/><\/a><figcaption>Grafik: Viktor Schmidt<\/figcaption><\/figure>\n\n\t<\/div>\n\n\n\n<div class=\"col-12 col-md-6 col-lg-3\">\n\t\t\t\n\n<p><strong>Exhibition<\/strong><\/p>\n\n\n\n<p id=\"block-3be0590a-a8fe-48eb-91c6-709d7f529afc\">16\/2\/2024 &#8211; 28\/4\/2024<\/p>\n\n\n\n<p id=\"block-1a47c50d-567a-4251-8245-8ea13d94e3b8\">Curated by Philipp Hennch, Joana Stamer<\/p>\n\n\n\n<p>Coordination Annika Reketat<\/p>\n\n\n\n<p id=\"block-f63891f8-2488-411f-ab57-d0623b67d97e\"><a href=\"#inmir\" data-type=\"internal\" data-id=\"#inmir\"><br>&#8220;in mir drau\u00dfen&#8221;<\/a> is the first part of the annual exhibition programme KANTEN UND KNOTEN<\/p>\n\n\t<\/div>\n\n\n\n<div class=\"col-12 col-md-6 col-lg-3\">\n\t\t\t\n\n<p> <strong>Events<\/strong><\/p>\n\n\n\n<p><a href=\"#opening\" data-type=\"internal\" data-id=\"#opening\"><br>15\/02\/2024 | from 6 pm<br>Opening<br>7 pm Sound Performance &#8220;Echoes from the Future&#8221;  by Rike Scheffler<br>8 pm Reading by Nail Do\u011fan <\/a><\/p>\n\n\n\n<p><a href=\"#displayedwords\" data-type=\"internal\" data-id=\"#displayedwords\"><br>26\/3\/2024 | 7 pm<br>&#8220;Displayed Words&#8221;<br>Reading and Talk<br>Lou Ferrand, Rafael Moreno, Kinga T\u00f3th<\/a><\/p>\n\n\n\n<p><a href=\"#wildaccess\" data-type=\"internal\" data-id=\"#wildaccess\"><br>19\/4\/2024 | 9 pm<br>20\/4\/2024 | 9 pm<br>21\/4\/2024 | 9 pm<br>&#8220;Clinch&#8221;<br>Performance <br>by WILD ACCESS<\/a><\/p>\n\n\n\n<p><a href=\"#finissage\" data-type=\"internal\" data-id=\"#finissage\"><br>28\/4\/2024 | 4 pm<br>Finissage <br>with readings by Rike Scheffler and Nail Do\u011fan<\/a><\/p>\n\n\t<\/div>\n\n<\/div>\n\n\n\n<h2 class=\"wp-block-heading\" id=\"inmir\"><\/h2>\n\n\n<div class=\"wp-bootstrap-blocks-row row\">\n\t\n\n<div class=\"col-12 col-md-6 col-lg-3\">\n\t\t\t\t<\/div>\n\n\n\n<div class=\"col-12 col-md-6 col-lg-3\">\n\t\t\t\n\n<p>The first exhibition in the 2024 annual program Edges and Knots is dedicated to storytelling as cultural practice, manifested in poetry. <\/p>\n\n\n\n<p>The duo exhibition combines spatial-, video- and sound installations by poets Nail Do\u011fan and Rike Scheffler. Words and verses interact with the architecture of the former animal kennel, whispers are hidden in walls; poetry as an installation takes up existing structural forms, flowing outside into the deep moats that once separated animals and humans.<\/p>\n\n\t<\/div>\n\n\n\n<div class=\"col-12 col-md-6 col-lg-3\">\n\t\t\t\n\n<p>Lyrical voices speak of connections and borders, ask about individual and collective, queer and changing identity. How do we live together? Who belongs to us? Who is included and who is excluded? What is it that divides us?<\/p>\n\n\t<\/div>\n\n\n\n<div class=\"col-12 col-md-6 col-lg-3\">\n\t\t\t\n\n<p>Semiotics and materiality create contradictions and bonds, languages mix or dissolve. The tension between poetry and space creates a field of possibilities \u00bbin mir drau\u00dfen\u00ab (\u00bbin me outside\u00ab).<\/p>\n\n\t<\/div>\n\n<\/div>\n\n\n\n<div style=\"height:64px\" aria-hidden=\"true\" class=\"wp-block-spacer\"><\/div>\n\n\n\n<h2 class=\"wp-block-heading\" id=\"rike\">Rike Scheffler<\/h2>\n\n\n<div class=\"wp-bootstrap-blocks-row row\">\n\t\n\n<div class=\"col-12 col-md-6 col-lg-3\">\n\t\t\t\t<\/div>\n\n\n\n<div class=\"col-12 col-md-6 col-lg-3\">\n\t\t\t\n\n<p>Rike Scheffler works transdisciplinary in the fields of poetry, performance, installation and music, frequently in collaboration with \u00d3lafur El\u00edasson&#8217;s Institute for Spatial Experiments. For Scheffler, poetry is a space of possibility, a transformative social practice. Based on her poems, she develops performances, sound and video installations as well as spatial poetry and immersive ecosystems that challenge common perceptions.<\/p>\n\n\t<\/div>\n\n\n\n<div class=\"col-12 col-md-6 col-lg-3\">\n\t\t\t\n\n<p>Scheffler has received scholarships from prestigious institutions such as the German Academy Rome Villa Massimo, Casa Baldi and the Academy of the Arts Berlin, and won the Orphil Debut Prize for her poetry collection &#8220;der rest ist resonanz&#8221; (kookbooks, 2014). In her latest work, &#8220;Lava. Rituale&#8221; (kookbooks, 2023), Scheffler delves into speculative multispecies alliances and AI collaborations, unfolding new and tender ways of being.<\/p>\n\n\t<\/div>\n\n\n\n<div class=\"col-12 col-md-6 col-lg-3\">\n\t\t\t\n\n<p>Her global presence includes performances at renowned venues like Neue Nationalgalerie, Copenhagen\u2019s Louisiana Museum of Modern Art and Palais de Tokyo Paris.<br><br><\/p>\n\n\n\n<p><strong>Artist Portrait Louisiana Channel (2016)<\/strong><br><a href=\"https:\/\/channel.louisiana.dk\/video\/rike-schefflerpoetry-as-a-performance\">https:\/\/channel.louisiana.dk\/video\/rike-schefflerpoetry-as-a-performance<\/a><\/p>\n\n\n\n<p><strong>Instagram<\/strong><strong><br><\/strong><a href=\"https:\/\/www.instagram.com\/rikescheffler\/\">https:\/\/www.instagram.com\/rikescheffler\/<\/a><strong><\/strong><\/p>\n\n\t<\/div>\n\n<\/div>\n\n\n\n<div style=\"height:59px\" aria-hidden=\"true\" class=\"wp-block-spacer\"><\/div>\n\n\n\n<h2 class=\"wp-block-heading\" id=\"nail\">Nail Do\u011fan<\/h2>\n\n\n<div class=\"wp-bootstrap-blocks-row row\">\n\t\n\n<div class=\"col-12 col-md-6 col-lg-3\">\n\t\t\t\t<\/div>\n\n\n\n<div class=\"col-12 col-md-6 col-lg-3\">\n\t\t\t\n\n<p>Nail Do\u011fan is a writer living in Hamburg. He was born in Augsburg in 1988 as the son of&nbsp; a guesttaxidriver and a guestcleaninglady.<\/p>\n\n\t<\/div>\n\n\n\n<div class=\"col-12 col-md-6 col-lg-3\">\n\t\t\t\n\n<p>In 2020 he won the prize for poetry and the taz audience award at the 28th open mike &#8211; competition for young literature.<\/p>\n\n\t<\/div>\n\n\n\n<div class=\"col-12 col-md-6 col-lg-3\">\n\t\t\t\n\n<p>In 2023, his poetry debut &#8220;ausgeliehene suchtw\u00f6rter&#8221; was published by Elif Verlag. He is also the author of several plays, which premiered at the Thalia Theater Hamburg.<\/p>\n\n\t<\/div>\n\n<\/div>\n\n\n\n<div style=\"height:66px\" aria-hidden=\"true\" class=\"wp-block-spacer\"><\/div>\n\n\n\n<h2 class=\"wp-block-heading\" id=\"opening\">Opening<\/h2>\n\n\n<div class=\"wp-bootstrap-blocks-row row\">\n\t\n\n<div class=\"col-12 col-md-6 col-lg-3\">\n\t\t\t\t<\/div>\n\n\n\n<div class=\"col-12 col-md-6 col-lg-3\">\n\t\t\t\n\n<p>15\/02\/2024 | from 6 pm<br><br>7 pm Sound Performance &#8220;Echoes from the Future&#8221;  by Rike Scheffler<br><br>8 pm Reading by Nail Do\u011fan<br><br>Free Entry<\/p>\n\n\n\n<p><br><\/p>\n\n\t<\/div>\n\n\n\n<div class=\"col-12 col-md-6 col-lg-3\">\n\t\t\t\n\n<p>On Thursday the<strong> 15 February 2024<\/strong>, <strong>from 6pm<\/strong> the B\u00e4renzwinger Berlin invites you to the opening of the exhibition <strong>\u201cin mir drau\u00dfen<\/strong>\u201c, with Rike Scheffler and Nail Do\u011fan.<\/p>\n\n\t<\/div>\n\n\n\n<div class=\"col-12 col-md-6 col-lg-3\">\n\t\t\t\n\n<p>The first exhibition in the 2024 annual program Edges and Knots is dedicated to storytelling as cultural practice, manifested in poetry. The duo exhibition combines spatial-, video- and sound installations by poets Nail Do\u011fan and Rike Scheffler. Words and verses interact with the architecture of the former animal kennel, whispers are hidden in walls; poetry as an installation takes up existing structural forms, flowing outside into the deep moats that once separated animals and humans.<\/p>\n\n\t<\/div>\n\n<\/div>\n\n\n\n<div style=\"height:66px\" aria-hidden=\"true\" class=\"wp-block-spacer\"><\/div>\n\n\n\n<h2 class=\"wp-block-heading\" id=\"displayedwords\">Displayed Words<\/h2>\n\n\n<div class=\"wp-bootstrap-blocks-row row\">\n\t\n\n<div class=\"col-12 col-md-6 col-lg-3\">\n\t\t\t\t<\/div>\n\n\n\n<div class=\"col-12 col-md-6 col-lg-3\">\n\t\t\t\n\n<p>26\/03\/2024<br>7 pm<\/p>\n\n\n\n<p>Reading + Talk<br>with Lou Ferrand Rafael Moreno Kinga T\u00f3th<\/p>\n\n\t<\/div>\n\n\n\n<div class=\"col-12 col-md-6 col-lg-3\">\n\t\t\t\n\n<p><a href=\"https:\/\/cca.berlin\/en\/program\/1133\/displayed-words\" data-type=\"URL\" data-id=\"https:\/\/cca.berlin\/en\/program\/1133\/displayed-words\">Displayed Words<\/a> is <a href=\"https:\/\/cca.berlin\/en\/\" data-type=\"URL\" data-id=\"https:\/\/cca.berlin\/en\/\">CCA Berlin<\/a>&#8216;s literature project curated by <a href=\"http:\/\/fabianschoeneich.com\/\" data-type=\"URL\" data-id=\"http:\/\/fabianschoeneich.com\/\">Fabian Sch\u00f6neic<\/a>h. It is an experiment in dealing with language, text and poetry through digital and public formats. <br><br>Who and what defines the space in which words are displayed and meanings are created? How does the perception of text change from one medium to another?<\/p>\n\n\n\n<p>Displayed Words plays with the comprehensibility of text and its diverse representations; it poses questions about the context in which literature and poetry can be perceived and understood.<\/p>\n\n\n\n<p>Finally, it asks how text is conveyed and in which language the dominant discourse and literature are communicated in a metropolis like Berlin.<\/p>\n\n\n\n<p>What about languages that are considered minor and that are heard in everyday encounters in the city, such as Russian, Turkish, Arabic, Vietnamese or Spanish\u2026?<\/p>\n\n\t<\/div>\n\n\n\n<div class=\"col-12 col-md-6 col-lg-3\">\n\t\t\t\n\n<p>The readings will be accompanied by a music \/ sound element, followed&nbsp;by a conversation with Lou Ferrand, a curator and writer based in Paris and <em>Jeunes Commissaires<\/em> Fellow with CCA Berlin in 2023.<\/p>\n\n\n\n<p>Displayed Words is a collaboration between CCA Berlin and Bezirksamt Mitte, in cooperation with the <a href=\"https:\/\/www.berliner-kuenstlerprogramm.de\/en\/\" data-type=\"URL\" data-id=\"https:\/\/www.berliner-kuenstlerprogramm.de\/en\/\">DAAD Artists-in-Berlin Program<\/a>, featuring works by Ingeborg Bachmann, Ang\u00e9lica Freitas, Hassan Khan, Otis Mensah, Rafael Moreno, Nazanin Noori, Nh\u00e3 Thuy\u00ean, Kinga T\u00f3th. All works on display can be seen also on <a href=\"https:\/\/displayedwords.org\/\" data-type=\"URL\" data-id=\"https:\/\/displayedwords.org\/\">displayedwords.org<\/a>. The project will be accompanied by a series of reading events and a concert. Supported by Senatsverwaltung f\u00fcr Kultur und Europa, project funds from Draussenstadt and the DAAD Artists-in-Berlin<\/p>\n\n\t<\/div>\n\n<\/div>\n\n\n\n<div style=\"height:66px\" aria-hidden=\"true\" class=\"wp-block-spacer\"><\/div>\n\n\n\n<h2 class=\"wp-block-heading\" id=\"wildaccess\">Clinch<\/h2>\n\n\n<div class=\"wp-bootstrap-blocks-row row\">\n\t\n\n<div class=\"col-12 col-md-6 col-lg-3\">\n\t\t\t\t<\/div>\n\n\n\n<div class=\"col-12 col-md-6 col-lg-3\">\n\t\t\t\n\n<p>19\/4\/2024<br>20\/4\/2024<br>21\/4\/2024<br><br>9 pm<br><\/p>\n\n\n\n<p>&#8220;Clinch&#8221;<br>Performance<br>by WILD ACCESS<\/p>\n\n\n\n<p><\/p>\n\n\t<\/div>\n\n\n\n<div class=\"col-12 col-md-6 col-lg-3\">\n\t\t\t\n\n<p><a href=\"http:\/\/www.wildaccess.site\" data-type=\"URL\" data-id=\"www.wildaccess.site\">WILD ACCESS<\/a> is an interdisciplinary performance company that since 2021 has created site-specific productions for public spaces. Using dance, light, sound and storytelling, their immersive performances bring audiences together to experience urban locations through fictional landscapes and sensory worlds.<\/p>\n\n\n\n<p><a href=\"https:\/\/www.instagram.com\/beatrixjoyce\/\" data-type=\"URL\" data-id=\"https:\/\/www.instagram.com\/beatrixjoyce\/\">Beatrix Joyce<\/a><br><a href=\"https:\/\/www.instagram.com\/michelafilzi\/\" data-type=\"URL\" data-id=\"https:\/\/www.instagram.com\/michelafilzi\/\">Michela Filzi <\/a><br><a href=\"https:\/\/www.instagram.com\/lena_geht_jetzt\/\" data-type=\"URL\" data-id=\"https:\/\/www.instagram.com\/lena_geht_jetzt\/\">Lena G\u00e4tjens<\/a><br><a href=\"https:\/\/www.instagram.com\/susanna.ylikoski\/\" data-type=\"URL\" data-id=\"https:\/\/www.instagram.com\/susanna.ylikoski\/\">Susanna Ylikoski<\/a><br><a href=\"https:\/\/www.instagram.com\/savvi.cas\/\" data-type=\"URL\" data-id=\"https:\/\/www.instagram.com\/savvi.cas\/\">Savina Casarin<\/a><br><a href=\"https:\/\/www.instagram.com\/imola._.nagy\/\" data-type=\"URL\" data-id=\"https:\/\/www.instagram.com\/imola._.nagy\/\">Imola Nagy<\/a><br><a href=\"https:\/\/www.instagram.com\/monsieurkrok\/\" data-type=\"URL\" data-id=\"https:\/\/www.instagram.com\/monsieurkrok\/\">Sebastian Faust<\/a><br><a href=\"https:\/\/www.instagram.com\/hannah.schillinger\/\" data-type=\"URL\" data-id=\"https:\/\/www.instagram.com\/hannah.schillinger\/\">Hannah Schillinger<\/a><\/p>\n\n\t<\/div>\n\n\n\n<div class=\"col-12 col-md-6 col-lg-3\">\n\t\t\t\n\n<p>Taking the history of the B\u00e4renzwinger bear enclosure as a starting point, the interdisciplinary performance company WILD ACCESS explores animals in captivity and an encounter with \u201cthe wild\u201d. In creating a fictional, immersive environment, the performers fall into a \u201cCLINCH\u201d; a grapple at close quarters between the human and the non-human, between claws and jaws. The audience is invited into an extended choreography that slips across territories of domestication and ferocity.<\/p>\n\n\n\n<div style=\"height:25px\" aria-hidden=\"true\" class=\"wp-block-spacer\"><\/div>\n\n\n\n<p>The weather forecast is not in our favour, so remember to wear weather-appropriate clothing! \u2602\ufe0f<\/p>\n\n\t<\/div>\n\n<\/div>\n\n\n\n<div style=\"height:66px\" aria-hidden=\"true\" id=\"finissage\" class=\"wp-block-spacer\"><\/div>\n\n\n\n<h2 class=\"wp-block-heading\">Finissage<\/h2>\n\n\n<div class=\"wp-bootstrap-blocks-row row\">\n\t\n\n<div class=\"col-12 col-md-6 col-lg-3\">\n\t\t\t\t<\/div>\n\n\n\n<div class=\"col-12 col-md-6 col-lg-3\">\n\t\t\t\n\n<p>28\/04\/2024<br>4 pm<\/p>\n\n\n\n<p>with readings by <br>Rike Scheffler <br>and <br>Nail Do\u011fan<\/p>\n\n\t<\/div>\n\n\n\n<div class=\"col-12 col-md-6 col-lg-3\">\n\t\t\t\n\n<p>On <strong>28 April 2024<\/strong>, the B\u00e4renzwinger invites you to the finissage of the exhibition\u00a0<strong>\u00bbin mir drau\u00dfen\u00abfrom 4-7 pm<\/strong>. <br><\/p>\n\n\t<\/div>\n\n\n\n<div class=\"col-12 col-md-6 col-lg-3\">\n\t\t\t\n\n<p>The poets Rike Scheffler and Nail Do\u011fan will read and the exhibition will be on display for the last time.<\/p>\n\n\t<\/div>\n\n<\/div>\n","protected":false},"excerpt":{"rendered":"<p>Rike Scheffler Nail Do\u011fan Opening Displayed Words Clinch Finissage<\/p>\n","protected":false},"author":2,"featured_media":0,"parent":10,"menu_order":132,"comment_status":"closed","ping_status":"closed","template":"","meta":{"_acf_changed":false,"footnotes":""},"categories":[12],"class_list":["post-2410","page","type-page","status-publish","hentry","category-kanten-und-knoten"],"acf":[],"_links":{"self":[{"href":"https:\/\/baerenzwinger.berlin\/en\/wp-json\/wp\/v2\/pages\/2410","targetHints":{"allow":["GET"]}}],"collection":[{"href":"https:\/\/baerenzwinger.berlin\/en\/wp-json\/wp\/v2\/pages"}],"about":[{"href":"https:\/\/baerenzwinger.berlin\/en\/wp-json\/wp\/v2\/types\/page"}],"author":[{"embeddable":true,"href":"https:\/\/baerenzwinger.berlin\/en\/wp-json\/wp\/v2\/users\/2"}],"replies":[{"embeddable":true,"href":"https:\/\/baerenzwinger.berlin\/en\/wp-json\/wp\/v2\/comments?post=2410"}],"version-history":[{"count":56,"href":"https:\/\/baerenzwinger.berlin\/en\/wp-json\/wp\/v2\/pages\/2410\/revisions"}],"predecessor-version":[{"id":2556,"href":"https:\/\/baerenzwinger.berlin\/en\/wp-json\/wp\/v2\/pages\/2410\/revisions\/2556"}],"up":[{"embeddable":true,"href":"https:\/\/baerenzwinger.berlin\/en\/wp-json\/wp\/v2\/pages\/10"}],"wp:attachment":[{"href":"https:\/\/baerenzwinger.berlin\/en\/wp-json\/wp\/v2\/media?parent=2410"}],"wp:term":[{"taxonomy":"category","embeddable":true,"href":"https:\/\/baerenzwinger.berlin\/en\/wp-json\/wp\/v2\/categories?post=2410"}],"curies":[{"name":"wp","href":"https:\/\/api.w.org\/{rel}","templated":true}]}}