{"id":16,"date":"2019-07-15T18:49:32","date_gmt":"2019-07-15T16:49:32","guid":{"rendered":"https:\/\/baerenzwinger.berlin\/en\/?page_id=16"},"modified":"2026-02-12T16:02:11","modified_gmt":"2026-02-12T15:02:11","slug":"contact","status":"publish","type":"page","link":"https:\/\/baerenzwinger.berlin\/en\/contact\/","title":{"rendered":"CONTACT"},"content":{"rendered":"<div class=\"wp-bootstrap-blocks-row row\">\n\t\n\n<div class=\"col-12 col-md-6 col-lg-3\">\n\t\t\t\t<\/div>\n\n\n\n<div class=\"col-12 col-md-6 col-lg-3\">\n\t\t\t\t<\/div>\n\n\n\n<div class=\"col-12 col-md-6 col-lg-3\">\n\t\t\t\t<\/div>\n\n\n\n<div class=\"col-12 col-md-6 col-lg-3\">\n\t\t\t\n\n<p><\/p>\n\n\n\n<h4 class=\"wp-block-heading\"><a href=\"#Press\" data-type=\"internal\" data-id=\"#Press\"><strong>Press<\/strong><\/a><\/h4>\n\n\t<\/div>\n\n<\/div>\n\n\n\n<div class=\"wp-block-columns has-2-columns is-layout-flex wp-container-core-columns-is-layout-9d6595d7 wp-block-columns-is-layout-flex\">\n<div class=\"wp-block-column is-layout-flow wp-block-column-is-layout-flow\">\n<div class=\"wp-block-columns has-2-columns is-layout-flex wp-container-core-columns-is-layout-9d6595d7 wp-block-columns-is-layout-flex\">\n<div class=\"wp-block-column is-layout-flow wp-block-column-is-layout-flow\">\n<p><\/p>\n<\/div>\n\n\n\n<div class=\"wp-block-column is-layout-flow wp-block-column-is-layout-flow\">\n<p>B\u00e4renzwinger<br>Rungestra\u00dfe 30<br>10179 Berlin<br>+49 30 901 837 461<br>info at baerenzwinger.berlin&nbsp; <br><br><a href=\"https:\/\/subscribepage.io\/baerenzwinger\">Newsletter<\/a><a href=\"http:\/\/eepurl.com\/c0R04f\"><br><\/a><a href=\"https:\/\/www.facebook.com\/baerenzwinger.berlin\/\">Facebook<br><\/a><a href=\"https:\/\/www.instagram.com\/baerenzwinger.berlin\/\">Instagram<\/a><\/p>\n\n\n\n<p>Opening hours<br>Monday \u2013 Sunday<br>10 pm \u2013 6 pm<br><br>Admission free<\/p>\n\n\n\n<p><strong>Public Transport<\/strong><br>U8 Heinrich-Heine Stra\u00dfe<br>U2 M\u00e4rkisches Museum<br>U+S Jannowitzbr\u00fccke<br>Bus 165, 265, 248<\/p>\n\n\n\n<p>The B\u00e4renzwinger is wheelchair accessible. If you need further information and\/or assistance for your visit please either call us here: + 49 30 901 837 461 or write us an e-mail to this address: <a href=\"mailto:info@baerenzwinger.berlin\">info@baerenzwinger.berlin<\/a><\/p>\n<\/div>\n<\/div>\n<\/div>\n\n\n\n<div class=\"wp-block-column is-layout-flow wp-block-column-is-layout-flow\">\n<div class=\"wp-block-columns has-2-columns is-layout-flex wp-container-core-columns-is-layout-9d6595d7 wp-block-columns-is-layout-flex\">\n<div class=\"wp-block-column is-layout-flow wp-block-column-is-layout-flow\">\n<p><strong>Bezirksamt Mitte von Berlin<\/strong><br>Amt f\u00fcr Weiterbildung und Kultur<br><strong>Head of office: <\/strong><br>Dr. Lale Bezahdi<\/p>\n\n\n\n<p>Fachbereich Kunst, Kultur und Geschichte<br><br><strong>Postal address<\/strong><br>Mathilde-Jacob-Platz 1<br>10551 Berlin<br><br><strong>Head of department<\/strong><br>Dr. Ute M\u00fcller-Tischler<br><br><strong>Artistic direction<\/strong><br>Alin Daghestani, Philipp Hennch, Maximilian Kr\u00e4mer, Maxime L\u00fcbke, Janine Pauleck, Kaya Peters, Elias Pietsch, Annika Reketat, Josephine Steffens, Hannah van der Es<br><br><strong>Alumni<\/strong><br>Lina Kr\u00f6ger, Vanessa G\u00f6ppner, Cleo W\u00e4chter, Julius Kaftan, Joana Stamer, Lusin Reinsch, Malte Pieper, Maja Smoszna, Evelyn Gregel, Julia Heunemann, Sebastian H\u00e4ger, Lara Huesmann, Isabel J\u00e4ger, Katja Kynast, Marie-Christin Lender, Annika Maus, Tanja Paskalew, Nadia Pilchowski, Ulrike Riebel, Karoline Schierz, Jan Tappe, Nandita Vasanta, Christopher Weickenmeier, Hauke Zei\u00dfler<a href=\"https:\/\/www.violavogel.de\/\" target=\"_blank\" rel=\"noreferrer noopener\"><br><\/a><br><strong>Production<\/strong><br>Josephin Hanke (HANDLE (with) CARE)<br>Pablo Hermann (HANDLE (with) CARE)<br>Juliane Beddermann (KANTEN UND KNOTEN &amp; GLEANING), <br>Merwin L\u00fcdicke (EPHEMERIS &amp; GLEANING),<br>Ulrike Riebel (Bricolage),<br>Carolina Redondo (Openings)<br><\/p>\n<\/div>\n\n\n\n<div class=\"wp-block-column is-layout-flow wp-block-column-is-layout-flow\">\n<p>Supporters + Sponsors<br><br>With kind support of the Senate Administration for Culture, the interdisciplinary funding and exhibition funds [Ausstellungsverg\u00fctungen und Ausstellungsfonds] .<br><br>With many thanks to<br>Amt f\u00fcr Stadtentwicklung, Bauaufsichtsbeh\u00f6rde, F\u00f6rderband e.V., Jugend im Museum e.V., Stiftung Stadtmuseum und KoSP GmbH.<\/p>\n\n\n\n<div class=\"wp-block-group\"><div class=\"wp-block-group__inner-container is-layout-flow wp-block-group-is-layout-flow\"><div class=\"wp-bootstrap-blocks-row row\">\n\t\n\n<div class=\"col-12 col-md-6\">\n\t\t\t\n\n<figure class=\"wp-block-image size-large is-resized\"><img loading=\"lazy\" decoding=\"async\" width=\"1024\" height=\"683\" src=\"https:\/\/baerenzwinger.berlin\/en\/wp-content\/uploads\/sites\/2\/2023\/10\/B_SEN_KuGZ_Logo_DE_V_PT_4C-1024x683.png\" alt=\"\" class=\"wp-image-2206\" style=\"width:88px;height:58px\" srcset=\"https:\/\/baerenzwinger.berlin\/en\/wp-content\/uploads\/sites\/2\/2023\/10\/B_SEN_KuGZ_Logo_DE_V_PT_4C-1024x683.png 1024w, https:\/\/baerenzwinger.berlin\/en\/wp-content\/uploads\/sites\/2\/2023\/10\/B_SEN_KuGZ_Logo_DE_V_PT_4C-600x400.png 600w, https:\/\/baerenzwinger.berlin\/en\/wp-content\/uploads\/sites\/2\/2023\/10\/B_SEN_KuGZ_Logo_DE_V_PT_4C-768x512.png 768w, https:\/\/baerenzwinger.berlin\/en\/wp-content\/uploads\/sites\/2\/2023\/10\/B_SEN_KuGZ_Logo_DE_V_PT_4C-1536x1024.png 1536w, https:\/\/baerenzwinger.berlin\/en\/wp-content\/uploads\/sites\/2\/2023\/10\/B_SEN_KuGZ_Logo_DE_V_PT_4C-333x222.png 333w, https:\/\/baerenzwinger.berlin\/en\/wp-content\/uploads\/sites\/2\/2023\/10\/B_SEN_KuGZ_Logo_DE_V_PT_4C-300x200.png 300w, https:\/\/baerenzwinger.berlin\/en\/wp-content\/uploads\/sites\/2\/2023\/10\/B_SEN_KuGZ_Logo_DE_V_PT_4C.png 1773w\" sizes=\"auto, (max-width: 1024px) 100vw, 1024px\" \/><\/figure>\n\n\t<\/div>\n\n\n\n<div class=\"col-12 col-md-6\">\n\t\t\t\n\n<figure class=\"wp-block-image size-large is-resized\"><img loading=\"lazy\" decoding=\"async\" width=\"1024\" height=\"597\" src=\"https:\/\/baerenzwinger.berlin\/en\/wp-content\/uploads\/sites\/2\/2023\/10\/B_BA_W_MI_Logo_DE_V_PT_RGB-1024x597.png\" alt=\"\" class=\"wp-image-2205\" style=\"width:100px;height:57px\" srcset=\"https:\/\/baerenzwinger.berlin\/en\/wp-content\/uploads\/sites\/2\/2023\/10\/B_BA_W_MI_Logo_DE_V_PT_RGB-1024x597.png 1024w, https:\/\/baerenzwinger.berlin\/en\/wp-content\/uploads\/sites\/2\/2023\/10\/B_BA_W_MI_Logo_DE_V_PT_RGB-600x350.png 600w, https:\/\/baerenzwinger.berlin\/en\/wp-content\/uploads\/sites\/2\/2023\/10\/B_BA_W_MI_Logo_DE_V_PT_RGB-768x448.png 768w, https:\/\/baerenzwinger.berlin\/en\/wp-content\/uploads\/sites\/2\/2023\/10\/B_BA_W_MI_Logo_DE_V_PT_RGB-1536x896.png 1536w, https:\/\/baerenzwinger.berlin\/en\/wp-content\/uploads\/sites\/2\/2023\/10\/B_BA_W_MI_Logo_DE_V_PT_RGB-2048x1194.png 2048w, https:\/\/baerenzwinger.berlin\/en\/wp-content\/uploads\/sites\/2\/2023\/10\/B_BA_W_MI_Logo_DE_V_PT_RGB-333x194.png 333w\" sizes=\"auto, (max-width: 1024px) 100vw, 1024px\" \/><\/figure>\n\n\t<\/div>\n\n<\/div>\n<\/div><\/div>\n\n\n<div class=\"wp-bootstrap-blocks-row row\">\n\t\n\n<div class=\"col-12 col-md-6\">\n\t\t\t\n\n<figure class=\"wp-block-image size-full\"><img loading=\"lazy\" decoding=\"async\" width=\"928\" height=\"934\" src=\"https:\/\/baerenzwinger.berlin\/en\/wp-content\/uploads\/sites\/2\/2023\/10\/Kultur-Mitte_transparent.png\" alt=\"\" class=\"wp-image-2204\" srcset=\"https:\/\/baerenzwinger.berlin\/en\/wp-content\/uploads\/sites\/2\/2023\/10\/Kultur-Mitte_transparent.png 928w, https:\/\/baerenzwinger.berlin\/en\/wp-content\/uploads\/sites\/2\/2023\/10\/Kultur-Mitte_transparent-596x600.png 596w, https:\/\/baerenzwinger.berlin\/en\/wp-content\/uploads\/sites\/2\/2023\/10\/Kultur-Mitte_transparent-152x152.png 152w, https:\/\/baerenzwinger.berlin\/en\/wp-content\/uploads\/sites\/2\/2023\/10\/Kultur-Mitte_transparent-768x773.png 768w, https:\/\/baerenzwinger.berlin\/en\/wp-content\/uploads\/sites\/2\/2023\/10\/Kultur-Mitte_transparent-331x333.png 331w\" sizes=\"auto, (max-width: 928px) 100vw, 928px\" \/><\/figure>\n\n\t<\/div>\n\n\n\n<div class=\"col-12 col-md-6\">\n\t\t\t\n\n<figure class=\"wp-block-image size-large\"><img loading=\"lazy\" decoding=\"async\" width=\"1024\" height=\"619\" src=\"https:\/\/baerenzwinger.berlin\/en\/wp-content\/uploads\/sites\/2\/2023\/10\/KGB_Logo_black-1024x619.png\" alt=\"\" class=\"wp-image-2208\" srcset=\"https:\/\/baerenzwinger.berlin\/en\/wp-content\/uploads\/sites\/2\/2023\/10\/KGB_Logo_black-1024x619.png 1024w, https:\/\/baerenzwinger.berlin\/en\/wp-content\/uploads\/sites\/2\/2023\/10\/KGB_Logo_black-600x363.png 600w, https:\/\/baerenzwinger.berlin\/en\/wp-content\/uploads\/sites\/2\/2023\/10\/KGB_Logo_black-768x464.png 768w, https:\/\/baerenzwinger.berlin\/en\/wp-content\/uploads\/sites\/2\/2023\/10\/KGB_Logo_black-1536x929.png 1536w, https:\/\/baerenzwinger.berlin\/en\/wp-content\/uploads\/sites\/2\/2023\/10\/KGB_Logo_black-2048x1238.png 2048w, https:\/\/baerenzwinger.berlin\/en\/wp-content\/uploads\/sites\/2\/2023\/10\/KGB_Logo_black-333x201.png 333w\" sizes=\"auto, (max-width: 1024px) 100vw, 1024px\" \/><\/figure>\n\n\t<\/div>\n\n<\/div>\n\n\n<div class=\"wp-bootstrap-blocks-row row\">\n\t\n\n<div class=\"col-12 col-md-6\">\n\t\t\t\n\n<figure class=\"wp-block-image size-full\"><img loading=\"lazy\" decoding=\"async\" width=\"385\" height=\"477\" src=\"https:\/\/baerenzwinger.berlin\/en\/wp-content\/uploads\/sites\/2\/2023\/10\/CAMPI-Style-Set-03.png\" alt=\"\" class=\"wp-image-2220\" srcset=\"https:\/\/baerenzwinger.berlin\/en\/wp-content\/uploads\/sites\/2\/2023\/10\/CAMPI-Style-Set-03.png 385w, https:\/\/baerenzwinger.berlin\/en\/wp-content\/uploads\/sites\/2\/2023\/10\/CAMPI-Style-Set-03-269x333.png 269w\" sizes=\"auto, (max-width: 385px) 100vw, 385px\" \/><\/figure>\n\n\t<\/div>\n\n\n\n<div class=\"col-12 col-md-6\">\n\t\t\t\t<\/div>\n\n<\/div>\n<\/div>\n<\/div>\n<\/div>\n<\/div>\n\n\n\n<p><\/p>\n","protected":false},"excerpt":{"rendered":"<p>B\u00e4renzwingerRungestra\u00dfe 3010179 Berlin+49 30 901 837 461info at baerenzwinger.berlin&nbsp; NewsletterFacebookInstagram Opening hoursMonday \u2013 Sunday10 pm \u2013 6 pm Admission free Public TransportU8 Heinrich-Heine Stra\u00dfeU2 M\u00e4rkisches MuseumU+S Jannowitzbr\u00fcckeBus 165, 265, 248 The B\u00e4renzwinger is wheelchair accessible. If you need further information and\/or assistance for your visit please either call us here: + 49 30 901 837 [&hellip;]<\/p>\n","protected":false},"author":2,"featured_media":0,"parent":0,"menu_order":10500,"comment_status":"closed","ping_status":"closed","template":"template-page-contact.php","meta":{"_acf_changed":false,"footnotes":""},"categories":[],"class_list":["post-16","page","type-page","status-publish","hentry"],"acf":[],"_links":{"self":[{"href":"https:\/\/baerenzwinger.berlin\/en\/wp-json\/wp\/v2\/pages\/16","targetHints":{"allow":["GET"]}}],"collection":[{"href":"https:\/\/baerenzwinger.berlin\/en\/wp-json\/wp\/v2\/pages"}],"about":[{"href":"https:\/\/baerenzwinger.berlin\/en\/wp-json\/wp\/v2\/types\/page"}],"author":[{"embeddable":true,"href":"https:\/\/baerenzwinger.berlin\/en\/wp-json\/wp\/v2\/users\/2"}],"replies":[{"embeddable":true,"href":"https:\/\/baerenzwinger.berlin\/en\/wp-json\/wp\/v2\/comments?post=16"}],"version-history":[{"count":76,"href":"https:\/\/baerenzwinger.berlin\/en\/wp-json\/wp\/v2\/pages\/16\/revisions"}],"predecessor-version":[{"id":3414,"href":"https:\/\/baerenzwinger.berlin\/en\/wp-json\/wp\/v2\/pages\/16\/revisions\/3414"}],"wp:attachment":[{"href":"https:\/\/baerenzwinger.berlin\/en\/wp-json\/wp\/v2\/media?parent=16"}],"wp:term":[{"taxonomy":"category","embeddable":true,"href":"https:\/\/baerenzwinger.berlin\/en\/wp-json\/wp\/v2\/categories?post=16"}],"curies":[{"name":"wp","href":"https:\/\/api.w.org\/{rel}","templated":true}]}}